{"id":58,"date":"2023-03-21T21:06:18","date_gmt":"2023-03-21T20:06:18","guid":{"rendered":"https:\/\/musterstadt.meldooplus.de\/index.php\/home\/"},"modified":"2024-08-26T16:59:42","modified_gmt":"2024-08-26T14:59:42","slug":"home","status":"publish","type":"page","link":"https:\/\/musterstadt.meldooplus.de\/","title":{"rendered":"Home"},"content":{"rendered":"\t\t<div data-elementor-type=\"wp-page\" data-elementor-id=\"58\" class=\"elementor elementor-58\" data-elementor-post-type=\"page\">\n\t\t\t\t\t\t<section class=\"elementor-section elementor-top-section elementor-element elementor-element-19e079f2 elementor-section-boxed elementor-section-height-default elementor-section-height-default\" data-id=\"19e079f2\" data-element_type=\"section\" data-e-type=\"section\" data-settings=\"{&quot;background_background&quot;:&quot;classic&quot;}\">\n\t\t\t\t\t\t<div class=\"elementor-container elementor-column-gap-default\">\n\t\t\t\t\t<div class=\"elementor-column elementor-col-100 elementor-top-column elementor-element elementor-element-7c1facad\" data-id=\"7c1facad\" data-element_type=\"column\" data-e-type=\"column\" data-settings=\"{&quot;background_background&quot;:&quot;classic&quot;}\">\n\t\t\t<div class=\"elementor-widget-wrap elementor-element-populated\">\n\t\t\t\t\t\t<div class=\"elementor-element elementor-element-740be198 elementor-widget elementor-widget-spacer\" data-id=\"740be198\" data-element_type=\"widget\" data-e-type=\"widget\" data-widget_type=\"spacer.default\">\n\t\t\t\t<div class=\"elementor-widget-container\">\n\t\t\t\t\t\t\t<div class=\"elementor-spacer\">\n\t\t\t<div class=\"elementor-spacer-inner\"><\/div>\n\t\t<\/div>\n\t\t\t\t\t\t<\/div>\n\t\t\t\t<\/div>\n\t\t\t\t<div class=\"elementor-element elementor-element-72366e6 elementor-widget elementor-widget-heading\" data-id=\"72366e6\" data-element_type=\"widget\" data-e-type=\"widget\" id=\"previewHeader\" data-widget_type=\"heading.default\">\n\t\t\t\t<div class=\"elementor-widget-container\">\n\t\t\t\t\t<div class=\"elementor-heading-title elementor-size-default\">MeldooPLUS selbst erleben<\/div>\t\t\t\t<\/div>\n\t\t\t\t<\/div>\n\t\t\t\t<div class=\"elementor-element elementor-element-2e5883dc elementor-widget elementor-widget-heading\" data-id=\"2e5883dc\" data-element_type=\"widget\" data-e-type=\"widget\" id=\"previewSubHeader\" data-widget_type=\"heading.default\">\n\t\t\t\t<div class=\"elementor-widget-container\">\n\t\t\t\t\t<div class=\"elementor-heading-title elementor-size-default\">W\u00e4hlen Sie das Modul, das Sie aus B\u00fcrgerperspektive testen m\u00f6chten.<\/div>\t\t\t\t<\/div>\n\t\t\t\t<\/div>\n\t\t\t\t<div class=\"elementor-element elementor-element-5b9b4279 elementor-widget elementor-widget-heading\" data-id=\"5b9b4279\" data-element_type=\"widget\" data-e-type=\"widget\" id=\"moduleHeaderReports\" data-widget_type=\"heading.default\">\n\t\t\t\t<div class=\"elementor-widget-container\">\n\t\t\t\t\t<div class=\"elementor-heading-title elementor-size-default\">Modul M\u00e4ngelmelder<\/div>\t\t\t\t<\/div>\n\t\t\t\t<\/div>\n\t\t\t\t<div class=\"elementor-element elementor-element-55cc41c0 elementor-widget elementor-widget-heading\" data-id=\"55cc41c0\" data-element_type=\"widget\" data-e-type=\"widget\" id=\"moduleSubHeaderReports\" data-widget_type=\"heading.default\">\n\t\t\t\t<div class=\"elementor-widget-container\">\n\t\t\t\t\t<div class=\"elementor-heading-title elementor-size-default\">B\u00fcrger:innen erhalten neben der mobilen App auch die M\u00f6glichkeit \u00fcber Ihre kommunale Webseite M\u00e4ngelmeldungen abzusenden. Das jeweilige Formular ist dabei auf das Farbschema Ihrer eigenen Webseite angepasst und kann sowohl in die Struktur der Webseite eingebunden werden, oder extern verlinkt werden. Dabei enthalten alle MeldooWEB Formulare auch eine barrierefreie Meldeoption.<br>Probieren Sie es doch einfach aus. Ihre Meldung landet direkt in Ihrem aktuellen MeldooPLUS Demozugang.<\/div>\t\t\t\t<\/div>\n\t\t\t\t<\/div>\n\t\t\t\t<div class=\"elementor-element elementor-element-766da6b1 elementor-widget elementor-widget-heading\" data-id=\"766da6b1\" data-element_type=\"widget\" data-e-type=\"widget\" id=\"moduleHeaderTickets\" data-widget_type=\"heading.default\">\n\t\t\t\t<div class=\"elementor-widget-container\">\n\t\t\t\t\t<div class=\"elementor-heading-title elementor-size-default\">Modul Allgemeine Anliegen<\/div>\t\t\t\t<\/div>\n\t\t\t\t<\/div>\n\t\t\t\t<div class=\"elementor-element elementor-element-154b1396 elementor-widget elementor-widget-heading\" data-id=\"154b1396\" data-element_type=\"widget\" data-e-type=\"widget\" id=\"moduleSubHeaderTickets\" data-widget_type=\"heading.default\">\n\t\t\t\t<div class=\"elementor-widget-container\">\n\t\t\t\t\t<div class=\"elementor-heading-title elementor-size-default\">Ersetzen Sie traditionelle Formulare durch Meldoo-Formulare, um zuk\u00fcnftig die Eingaben \u00fcber Ihre Webseite zeitsparend in MeldooPLUS als Ticket zu bearbeiten. Die jeweiligen Formularfelder k\u00f6nnen hierbei ganz individuell nach Ihrem Wunsch gestaltet werden. Ob Kontaktformular, Ideen- und Beschwerden, Hinweisgeber oder internes IT-Ticket-System. Mittlerweile wird das Modul Allgemeine Anliegen f\u00fcr \u00fcber 20 verschiedene Anwendungsf\u00e4lle in unseren Partnerkommunen verwenden.<br>Testen Sie es am besten gleich selbst. Ihr ausgef\u00fclltes Formular landet direkt in Ihrem aktuellen MeldooPLUS Demozugang.<\/div>\t\t\t\t<\/div>\n\t\t\t\t<\/div>\n\t\t\t\t<div class=\"elementor-element elementor-element-8c86a98 elementor-widget elementor-widget-heading\" data-id=\"8c86a98\" data-element_type=\"widget\" data-e-type=\"widget\" id=\"moduleHeaderSurveys\" data-widget_type=\"heading.default\">\n\t\t\t\t<div class=\"elementor-widget-container\">\n\t\t\t\t\t<div class=\"elementor-heading-title elementor-size-default\">Modul B\u00fcrgerbeteiligung<\/div>\t\t\t\t<\/div>\n\t\t\t\t<\/div>\n\t\t\t\t<div class=\"elementor-element elementor-element-5c0b2be9 elementor-widget elementor-widget-heading\" data-id=\"5c0b2be9\" data-element_type=\"widget\" data-e-type=\"widget\" id=\"moduleSubHeaderSurveys\" data-widget_type=\"heading.default\">\n\t\t\t\t<div class=\"elementor-widget-container\">\n\t\t\t\t\t<div class=\"elementor-heading-title elementor-size-default\">Mit dem Modul B\u00fcrgerbeteiligung k\u00f6nnen Sie schnell und einfach Umfragen designen, ver\u00f6ffentlichen und die Ergebnisse der Teilnahme auswerten lassen. \u00dcber unseren Umfrage-Editor k\u00f6nnen Sie Frageb\u00f6gen \u00fcber Drag &amp; Drop in wenigen Sekunden zusammenschieben und diese als Link ver\u00f6ffentlichen.<br>Testen Sie selbst, wie einfach B\u00fcrger:innen an Ihren Umfragen teilnehmen k\u00f6nnen, indem Sie die untenstehende Beispielumfrage ausf\u00fcllen. Die Ergebnisse landen nach Ihrer E-Mail Best\u00e4tigung direkt in Ihrem MeldooPLUS Demozugang.<\/div>\t\t\t\t<\/div>\n\t\t\t\t<\/div>\n\t\t\t\t<div class=\"elementor-element elementor-element-259db9a8 elementor-widget-divider--view-line elementor-widget elementor-widget-divider\" data-id=\"259db9a8\" data-element_type=\"widget\" data-e-type=\"widget\" data-widget_type=\"divider.default\">\n\t\t\t\t<div class=\"elementor-widget-container\">\n\t\t\t\t\t\t\t<div class=\"elementor-divider\">\n\t\t\t<span class=\"elementor-divider-separator\">\n\t\t\t\t\t\t<\/span>\n\t\t<\/div>\n\t\t\t\t\t\t<\/div>\n\t\t\t\t<\/div>\n\t\t\t\t<section class=\"elementor-section elementor-inner-section elementor-element elementor-element-72675c94 elementor-section-boxed elementor-section-height-default elementor-section-height-default\" data-id=\"72675c94\" data-element_type=\"section\" data-e-type=\"section\" id=\"previewContainer\">\n\t\t\t\t\t\t<div class=\"elementor-container elementor-column-gap-default\">\n\t\t\t\t\t<div class=\"elementor-column elementor-col-33 elementor-inner-column elementor-element elementor-element-bf17c9b\" data-id=\"bf17c9b\" data-element_type=\"column\" data-e-type=\"column\" id=\"previewItemReports\">\n\t\t\t<div class=\"elementor-widget-wrap elementor-element-populated\">\n\t\t\t\t\t\t<div class=\"elementor-element elementor-element-48ea6c9c elementor-cta--skin-classic elementor-animated-content elementor-bg-transform elementor-bg-transform-zoom-in elementor-widget elementor-widget-call-to-action\" data-id=\"48ea6c9c\" data-element_type=\"widget\" data-e-type=\"widget\" data-widget_type=\"call-to-action.default\">\n\t\t\t\t<div class=\"elementor-widget-container\">\n\t\t\t\t\t\t\t<div class=\"elementor-cta\">\n\t\t\t\t\t<div class=\"elementor-cta__bg-wrapper\">\n\t\t\t\t<div class=\"elementor-cta__bg elementor-bg\" style=\"background-image: url(https:\/\/musterstadt.meldooplus.de\/wp-content\/uploads\/2024\/08\/Screen-Meldungen-1024x587.webp);\" role=\"img\" aria-label=\"Screen-Meldungen.webp\"><\/div>\n\t\t\t\t<div class=\"elementor-cta__bg-overlay\"><\/div>\n\t\t\t<\/div>\n\t\t\t\t\t\t\t<div class=\"elementor-cta__content\">\n\t\t\t\t\n\t\t\t\t\t\t\t\t\t<h2 class=\"elementor-cta__title elementor-cta__content-item elementor-content-item\">\n\t\t\t\t\t\t<b>M\u00e4ngelmelder<\/b>\t\t\t\t\t<\/h2>\n\t\t\t\t\n\t\t\t\t\t\t\t\t\t<div class=\"elementor-cta__description elementor-cta__content-item elementor-content-item\">\n\t\t\t\t\t\tSturmsch\u00e4den, Schlagl\u00f6cher, oder wilde M\u00fcllkippen. Mit dem M\u00e4ngelmelder erhalten Sie ortsgenaue Angaben, wo sich M\u00e4ngel in der Verwaltung befinden.\t\t\t\t\t<\/div>\n\t\t\t\t\n\t\t\t\t\t\t\t\t\t<div class=\"elementor-cta__button-wrapper elementor-cta__content-item elementor-content-item \">\n\t\t\t\t\t<a class=\"elementor-cta__button elementor-button elementor-size-\">\n\t\t\t\t\t\tJetzt ausprobieren\t\t\t\t\t<\/a>\n\t\t\t\t\t<\/div>\n\t\t\t\t\t\t\t<\/div>\n\t\t\t\t\t\t<\/div>\n\t\t\t\t\t\t<\/div>\n\t\t\t\t<\/div>\n\t\t\t\t\t<\/div>\n\t\t<\/div>\n\t\t\t\t<div class=\"elementor-column elementor-col-33 elementor-inner-column elementor-element elementor-element-1a0c6a49\" data-id=\"1a0c6a49\" data-element_type=\"column\" data-e-type=\"column\" id=\"previewItemTickets\">\n\t\t\t<div class=\"elementor-widget-wrap elementor-element-populated\">\n\t\t\t\t\t\t<div class=\"elementor-element elementor-element-74503483 elementor-cta--skin-classic elementor-animated-content elementor-bg-transform elementor-bg-transform-zoom-in elementor-widget elementor-widget-call-to-action\" data-id=\"74503483\" data-element_type=\"widget\" data-e-type=\"widget\" data-widget_type=\"call-to-action.default\">\n\t\t\t\t<div class=\"elementor-widget-container\">\n\t\t\t\t\t\t\t<div class=\"elementor-cta\">\n\t\t\t\t\t<div class=\"elementor-cta__bg-wrapper\">\n\t\t\t\t<div class=\"elementor-cta__bg elementor-bg\" style=\"background-image: url(https:\/\/musterstadt.meldooplus.de\/wp-content\/uploads\/2024\/08\/Screen-AllgemeineAnliegen-1024x587.webp);\" role=\"img\" aria-label=\"Screen-AllgemeineAnliegen.webp\"><\/div>\n\t\t\t\t<div class=\"elementor-cta__bg-overlay\"><\/div>\n\t\t\t<\/div>\n\t\t\t\t\t\t\t<div class=\"elementor-cta__content\">\n\t\t\t\t\n\t\t\t\t\t\t\t\t\t<h2 class=\"elementor-cta__title elementor-cta__content-item elementor-content-item\">\n\t\t\t\t\t\t<b>Tickets<\/b>\t\t\t\t\t<\/h2>\n\t\t\t\t\n\t\t\t\t\t\t\t\t\t<div class=\"elementor-cta__description elementor-cta__content-item elementor-content-item\">\n\t\t\t\t\t\tIndividuelle Webformulare - genau auf Ihren Verwaltungsprozess zugeschnitten. Sie erm\u00f6glichen eine schnelle Bearbeitung in einer \u00fcbersichtlichen Verwaltungsoberf\u00e4che.\t\t\t\t\t<\/div>\n\t\t\t\t\n\t\t\t\t\t\t\t\t\t<div class=\"elementor-cta__button-wrapper elementor-cta__content-item elementor-content-item \">\n\t\t\t\t\t<a class=\"elementor-cta__button elementor-button elementor-size-\">\n\t\t\t\t\t\tJetzt ausprobieren\t\t\t\t\t<\/a>\n\t\t\t\t\t<\/div>\n\t\t\t\t\t\t\t<\/div>\n\t\t\t\t\t\t<\/div>\n\t\t\t\t\t\t<\/div>\n\t\t\t\t<\/div>\n\t\t\t\t\t<\/div>\n\t\t<\/div>\n\t\t\t\t<div class=\"elementor-column elementor-col-33 elementor-inner-column elementor-element elementor-element-db500f5\" data-id=\"db500f5\" data-element_type=\"column\" data-e-type=\"column\" id=\"previewItemSurveys\">\n\t\t\t<div class=\"elementor-widget-wrap elementor-element-populated\">\n\t\t\t\t\t\t<div class=\"elementor-element elementor-element-1d82429c elementor-cta--skin-classic elementor-animated-content elementor-bg-transform elementor-bg-transform-zoom-in elementor-widget elementor-widget-call-to-action\" data-id=\"1d82429c\" data-element_type=\"widget\" data-e-type=\"widget\" data-widget_type=\"call-to-action.default\">\n\t\t\t\t<div class=\"elementor-widget-container\">\n\t\t\t\t\t\t\t<div class=\"elementor-cta\">\n\t\t\t\t\t<div class=\"elementor-cta__bg-wrapper\">\n\t\t\t\t<div class=\"elementor-cta__bg elementor-bg\" style=\"background-image: url(https:\/\/musterstadt.meldooplus.de\/wp-content\/uploads\/2024\/08\/Screen-Buergerbeteiligung-1024x587.webp);\" role=\"img\" aria-label=\"Screen-Buergerbeteiligung.webp\"><\/div>\n\t\t\t\t<div class=\"elementor-cta__bg-overlay\"><\/div>\n\t\t\t<\/div>\n\t\t\t\t\t\t\t<div class=\"elementor-cta__content\">\n\t\t\t\t\n\t\t\t\t\t\t\t\t\t<h2 class=\"elementor-cta__title elementor-cta__content-item elementor-content-item\">\n\t\t\t\t\t\t<b>Umfragen<\/b>\t\t\t\t\t<\/h2>\n\t\t\t\t\n\t\t\t\t\t\t\t\t\t<div class=\"elementor-cta__description elementor-cta__content-item elementor-content-item\">\n\t\t\t\t\t\tErheben Sie B\u00fcrgermeinungen effizient und kosteng\u00fcnstig. Mit minimalem Zeitaufwand und geringem personellen Einsatz gestalten Sie unkomplizierte Befragungen.\t\t\t\t\t<\/div>\n\t\t\t\t\n\t\t\t\t\t\t\t\t\t<div class=\"elementor-cta__button-wrapper elementor-cta__content-item elementor-content-item \">\n\t\t\t\t\t<a class=\"elementor-cta__button elementor-button elementor-size-\">\n\t\t\t\t\t\tJetzt ausprobieren\t\t\t\t\t<\/a>\n\t\t\t\t\t<\/div>\n\t\t\t\t\t\t\t<\/div>\n\t\t\t\t\t\t<\/div>\n\t\t\t\t\t\t<\/div>\n\t\t\t\t<\/div>\n\t\t\t\t\t<\/div>\n\t\t<\/div>\n\t\t\t\t\t<\/div>\n\t\t<\/section>\n\t\t\t\t<div class=\"elementor-element elementor-element-5a4af990 elementor-widget elementor-widget-html\" data-id=\"5a4af990\" data-element_type=\"widget\" data-e-type=\"widget\" data-widget_type=\"html.default\">\n\t\t\t\t<div class=\"elementor-widget-container\">\n\t\t\t\t\t<div id=\"formContent\"><\/div>\n<script src=\"https:\/\/meldooplus.de\/demo\/demoRenderer.js\"><\/script>\t\t\t\t<\/div>\n\t\t\t\t<\/div>\n\t\t\t\t\t<\/div>\n\t\t<\/div>\n\t\t\t\t\t<\/div>\n\t\t<\/section>\n\t\t\t\t<\/div>\n\t\t","protected":false},"excerpt":{"rendered":"<p>MeldooPLUS selbst erleben W\u00e4hlen Sie das Modul, das Sie aus B\u00fcrgerperspektive testen m\u00f6chten. Modul M\u00e4ngelmelder B\u00fcrger:innen erhalten neben der mobilen App auch die M\u00f6glichkeit \u00fcber Ihre kommunale Webseite M\u00e4ngelmeldungen abzusenden. Das jeweilige Formular ist dabei auf das Farbschema Ihrer eigenen Webseite angepasst und kann sowohl in die Struktur der Webseite eingebunden werden, oder extern verlinkt [&hellip;]<\/p>\n","protected":false},"author":2,"featured_media":0,"parent":0,"menu_order":0,"comment_status":"closed","ping_status":"closed","template":"elementor_header_footer","meta":{"footnotes":""},"class_list":["post-58","page","type-page","status-publish","hentry"],"_links":{"self":[{"href":"https:\/\/musterstadt.meldooplus.de\/index.php\/wp-json\/wp\/v2\/pages\/58","targetHints":{"allow":["GET"]}}],"collection":[{"href":"https:\/\/musterstadt.meldooplus.de\/index.php\/wp-json\/wp\/v2\/pages"}],"about":[{"href":"https:\/\/musterstadt.meldooplus.de\/index.php\/wp-json\/wp\/v2\/types\/page"}],"author":[{"embeddable":true,"href":"https:\/\/musterstadt.meldooplus.de\/index.php\/wp-json\/wp\/v2\/users\/2"}],"replies":[{"embeddable":true,"href":"https:\/\/musterstadt.meldooplus.de\/index.php\/wp-json\/wp\/v2\/comments?post=58"}],"version-history":[{"count":75,"href":"https:\/\/musterstadt.meldooplus.de\/index.php\/wp-json\/wp\/v2\/pages\/58\/revisions"}],"predecessor-version":[{"id":374,"href":"https:\/\/musterstadt.meldooplus.de\/index.php\/wp-json\/wp\/v2\/pages\/58\/revisions\/374"}],"wp:attachment":[{"href":"https:\/\/musterstadt.meldooplus.de\/index.php\/wp-json\/wp\/v2\/media?parent=58"}],"curies":[{"name":"wp","href":"https:\/\/api.w.org\/{rel}","templated":true}]}}